{"id":747,"date":"2016-10-13T18:28:08","date_gmt":"2016-10-13T16:28:08","guid":{"rendered":"https:\/\/les-timbres.com\/mentions-legales\/"},"modified":"2016-12-06T00:48:05","modified_gmt":"2016-12-05T23:48:05","slug":"legal-notice","status":"publish","type":"page","link":"https:\/\/les-timbres.com\/en\/legal-notice\/","title":{"rendered":"Legal notice"},"content":{"rendered":"<h2>Association Sirba Octet<\/h2>\n<p><strong>Si\u00e8ge social :<\/strong> 12 rue des Hospitali\u00e8res Saint-Gervais, 75004 Paris<br \/>\n<strong>Siret :<\/strong>\u00a0489\u00a0785\u00a0600 00011<br \/>\n<strong>N\u00b0 de TVA intracommunautaire :<\/strong> FR36\u00a0489\u00a0785\u00a0600<br \/>\n<strong>Code APE :<\/strong> 923A<br \/>\n<strong>Licences d\u2019entrepreneur de spectacles :<\/strong> 2 \u2013 1044819 et 3-1072455<br \/>\n<strong>Courriel :<\/strong> <a href=\"contact@les-timbres.com\">sandra.serfati@les-timbres.com<br \/>\n<\/a><strong>Objet du site :<\/strong> Promotion des concerts diffus\u00e9s par le Sirba Octet<br \/>\n<strong>Responsable l\u00e9gal :<\/strong> Marcel Fleismaher<br \/>\n<strong>Responsable \u00e9ditorial :<\/strong> Richard Schmoucler<\/p>\n<p><strong>Adresse web :<span class=\"txtColor\"> <a href=\"https:\/\/les-timbres.com\">https:\/\/les-timbres.com<\/a><\/span><br \/>\nMise en ligne du site :<\/strong> Mercredi 26 octobre 2016<\/p>\n<h2>Cr\u00e9dits<\/h2>\n<p><strong>Conception, \u00e9dition, direction artistique :<br \/>\n<\/strong>Studio Travers M\u00e9dia \u2014 29, rue des Orteaux, 75020 Paris<br \/>\n<a href=\"http:\/\/www.travers-media.com\"><span class=\"txtColor\">http:\/\/www.travers-media.com<\/span><\/a><a href=\"http:\/\/www..atelier-marge.com\/\"> <\/a><\/p>\n<p><strong>H\u00e9bergement :<br \/>\n<\/strong>Gandi \u2014 63-65 boulevard Massena, 75013 Paris, France<\/p>\n<p><strong>Visuels et photos\u00a0 :<\/strong><br \/>\nBernard Martinez, Alix Laveau.<\/p>\n<h2>Loi informatique et libert\u00e9<\/h2>\n<p>Le site fait l\u2019objet d\u2019une d\u00e9claration aupr\u00e8s de la Commission Nationale Informatique et Libert\u00e9s. Vous disposez d\u2019un droit d\u2019acc\u00e8s, de modification, de rectification et de suppression des donn\u00e9es qui vous concernent (art. 34 de la loi \u00ab Informatique et Libert\u00e9s \u00bb). Pour l\u2019exercer, adressez vous \u00e0\u00a0<a href=\"contact@les-timbres.com\">contact@les-timbres.com<\/a><\/p>\n<h2>Propri\u00e9t\u00e9<\/h2>\n<p>Le site et les informations qu\u2019il contient sont prot\u00e9g\u00e9s par la loi fran\u00e7aise sur la propri\u00e9t\u00e9 intellectuelle et par les conventions internationales. Le site (ou des \u00e9l\u00e9ments de son contenu) ne peut \u00eatre ni reproduit, ni republi\u00e9, ni retranscrit, ni modifi\u00e9, ni retransmis sans l\u2019autorisation pr\u00e9alable des ayants droits par \u00e9crit (cela ne concerne pas l\u2019utilisation dans le cercle de famille ni l\u2019usage priv\u00e9).<\/p>\n<p>&nbsp;<\/p>\n","protected":false},"excerpt":{"rendered":"<p>Association Sirba Octet Si\u00e8ge social : 12 rue des Hospitali\u00e8res Saint-Gervais, 75004 Paris Siret :\u00a0489\u00a0785\u00a0600 00011 N\u00b0 de TVA intracommunautaire : FR36\u00a0489\u00a0785\u00a0600 Code APE : 923A Licences d\u2019entrepreneur de spectacles : 2 \u2013 1044819 et 3-1072455 Courriel : sandra.serfati@les-timbres.com Objet du site : Promotion des concerts diffus\u00e9s par le Sirba Octet Responsable l\u00e9gal : Marcel [&hellip;]<\/p>\n","protected":false},"author":1,"featured_media":0,"parent":0,"menu_order":20,"comment_status":"closed","ping_status":"closed","template":"","meta":{"_acf_changed":false,"footnotes":""},"class_list":["post-747","page","type-page","status-publish","hentry"],"acf":[],"yoast_head":"<!-- This site is optimized with the Yoast SEO plugin v27.2 - https:\/\/yoast.com\/product\/yoast-seo-wordpress\/ -->\n<title>Legal notice &#8212; Les Timbres<\/title>\n<meta name=\"robots\" content=\"index, follow, max-snippet:-1, max-image-preview:large, max-video-preview:-1\" \/>\n<link rel=\"canonical\" href=\"https:\/\/les-timbres.com\/en\/legal-notice\/\" \/>\n<meta property=\"og:locale\" content=\"en_US\" \/>\n<meta property=\"og:type\" content=\"article\" \/>\n<meta property=\"og:title\" content=\"Legal notice &#8212; Les Timbres\" \/>\n<meta property=\"og:description\" content=\"Association Sirba Octet Si\u00e8ge social : 12 rue des Hospitali\u00e8res Saint-Gervais, 75004 Paris Siret :\u00a0489\u00a0785\u00a0600 00011 N\u00b0 de TVA intracommunautaire : FR36\u00a0489\u00a0785\u00a0600 Code APE : 923A Licences d\u2019entrepreneur de spectacles : 2 \u2013 1044819 et 3-1072455 Courriel : sandra.serfati@les-timbres.com Objet du site : Promotion des concerts diffus\u00e9s par le Sirba Octet Responsable l\u00e9gal : Marcel [&hellip;]\" \/>\n<meta property=\"og:url\" content=\"https:\/\/les-timbres.com\/en\/legal-notice\/\" \/>\n<meta property=\"og:site_name\" content=\"Les Timbres\" \/>\n<meta property=\"article:publisher\" content=\"https:\/\/www.facebook.com\/pages\/Sirba-octet\/151699234157\" \/>\n<meta property=\"article:modified_time\" content=\"2016-12-05T23:48:05+00:00\" \/>\n<meta name=\"twitter:card\" content=\"summary_large_image\" \/>\n<meta name=\"twitter:site\" content=\"@sirbaoctet\" \/>\n<meta name=\"twitter:label1\" content=\"Est. reading time\" \/>\n\t<meta name=\"twitter:data1\" content=\"1 minute\" \/>\n<script type=\"application\/ld+json\" class=\"yoast-schema-graph\">{\"@context\":\"https:\/\/schema.org\",\"@graph\":[{\"@type\":\"WebPage\",\"@id\":\"https:\/\/les-timbres.com\/en\/legal-notice\/\",\"url\":\"https:\/\/les-timbres.com\/en\/legal-notice\/\",\"name\":\"Legal notice &#8212; Les Timbres\",\"isPartOf\":{\"@id\":\"https:\/\/les-timbres.com\/#website\"},\"datePublished\":\"2016-10-13T16:28:08+00:00\",\"dateModified\":\"2016-12-05T23:48:05+00:00\",\"breadcrumb\":{\"@id\":\"https:\/\/les-timbres.com\/en\/legal-notice\/#breadcrumb\"},\"inLanguage\":\"en-US\",\"potentialAction\":[{\"@type\":\"ReadAction\",\"target\":[\"https:\/\/les-timbres.com\/en\/legal-notice\/\"]}]},{\"@type\":\"BreadcrumbList\",\"@id\":\"https:\/\/les-timbres.com\/en\/legal-notice\/#breadcrumb\",\"itemListElement\":[{\"@type\":\"ListItem\",\"position\":1,\"name\":\"Accueil\",\"item\":\"https:\/\/les-timbres.com\/en\/\"},{\"@type\":\"ListItem\",\"position\":2,\"name\":\"Legal notice\"}]},{\"@type\":\"WebSite\",\"@id\":\"https:\/\/les-timbres.com\/#website\",\"url\":\"https:\/\/les-timbres.com\/\",\"name\":\"Les Timbres\",\"description\":\"\",\"publisher\":{\"@id\":\"https:\/\/les-timbres.com\/#organization\"},\"inLanguage\":\"en-US\"},{\"@type\":\"Organization\",\"@id\":\"https:\/\/les-timbres.com\/#organization\",\"name\":\"Sirba Octet\",\"url\":\"https:\/\/les-timbres.com\/\",\"logo\":{\"@type\":\"ImageObject\",\"inLanguage\":\"en-US\",\"@id\":\"https:\/\/les-timbres.com\/#\/schema\/logo\/image\/\",\"url\":\"\",\"contentUrl\":\"\",\"caption\":\"Sirba Octet\"},\"image\":{\"@id\":\"https:\/\/les-timbres.com\/#\/schema\/logo\/image\/\"},\"sameAs\":[\"https:\/\/www.facebook.com\/pages\/Sirba-octet\/151699234157\",\"https:\/\/x.com\/sirbaoctet\",\"https:\/\/www.youtube.com\/channel\/UCXYrs-Y6TAdZYdFjpm8nHUA\"]}]}<\/script>\n<!-- \/ Yoast SEO plugin. -->","yoast_head_json":{"title":"Legal notice &#8212; Les Timbres","robots":{"index":"index","follow":"follow","max-snippet":"max-snippet:-1","max-image-preview":"max-image-preview:large","max-video-preview":"max-video-preview:-1"},"canonical":"https:\/\/les-timbres.com\/en\/legal-notice\/","og_locale":"en_US","og_type":"article","og_title":"Legal notice &#8212; Les Timbres","og_description":"Association Sirba Octet Si\u00e8ge social : 12 rue des Hospitali\u00e8res Saint-Gervais, 75004 Paris Siret :\u00a0489\u00a0785\u00a0600 00011 N\u00b0 de TVA intracommunautaire : FR36\u00a0489\u00a0785\u00a0600 Code APE : 923A Licences d\u2019entrepreneur de spectacles : 2 \u2013 1044819 et 3-1072455 Courriel : sandra.serfati@les-timbres.com Objet du site : Promotion des concerts diffus\u00e9s par le Sirba Octet Responsable l\u00e9gal : Marcel [&hellip;]","og_url":"https:\/\/les-timbres.com\/en\/legal-notice\/","og_site_name":"Les Timbres","article_publisher":"https:\/\/www.facebook.com\/pages\/Sirba-octet\/151699234157","article_modified_time":"2016-12-05T23:48:05+00:00","twitter_card":"summary_large_image","twitter_site":"@sirbaoctet","twitter_misc":{"Est. reading time":"1 minute"},"schema":{"@context":"https:\/\/schema.org","@graph":[{"@type":"WebPage","@id":"https:\/\/les-timbres.com\/en\/legal-notice\/","url":"https:\/\/les-timbres.com\/en\/legal-notice\/","name":"Legal notice &#8212; Les Timbres","isPartOf":{"@id":"https:\/\/les-timbres.com\/#website"},"datePublished":"2016-10-13T16:28:08+00:00","dateModified":"2016-12-05T23:48:05+00:00","breadcrumb":{"@id":"https:\/\/les-timbres.com\/en\/legal-notice\/#breadcrumb"},"inLanguage":"en-US","potentialAction":[{"@type":"ReadAction","target":["https:\/\/les-timbres.com\/en\/legal-notice\/"]}]},{"@type":"BreadcrumbList","@id":"https:\/\/les-timbres.com\/en\/legal-notice\/#breadcrumb","itemListElement":[{"@type":"ListItem","position":1,"name":"Accueil","item":"https:\/\/les-timbres.com\/en\/"},{"@type":"ListItem","position":2,"name":"Legal notice"}]},{"@type":"WebSite","@id":"https:\/\/les-timbres.com\/#website","url":"https:\/\/les-timbres.com\/","name":"Les Timbres","description":"","publisher":{"@id":"https:\/\/les-timbres.com\/#organization"},"inLanguage":"en-US"},{"@type":"Organization","@id":"https:\/\/les-timbres.com\/#organization","name":"Sirba Octet","url":"https:\/\/les-timbres.com\/","logo":{"@type":"ImageObject","inLanguage":"en-US","@id":"https:\/\/les-timbres.com\/#\/schema\/logo\/image\/","url":"","contentUrl":"","caption":"Sirba Octet"},"image":{"@id":"https:\/\/les-timbres.com\/#\/schema\/logo\/image\/"},"sameAs":["https:\/\/www.facebook.com\/pages\/Sirba-octet\/151699234157","https:\/\/x.com\/sirbaoctet","https:\/\/www.youtube.com\/channel\/UCXYrs-Y6TAdZYdFjpm8nHUA"]}]}},"_links":{"self":[{"href":"https:\/\/les-timbres.com\/en\/wp-json\/wp\/v2\/pages\/747","targetHints":{"allow":["GET"]}}],"collection":[{"href":"https:\/\/les-timbres.com\/en\/wp-json\/wp\/v2\/pages"}],"about":[{"href":"https:\/\/les-timbres.com\/en\/wp-json\/wp\/v2\/types\/page"}],"author":[{"embeddable":true,"href":"https:\/\/les-timbres.com\/en\/wp-json\/wp\/v2\/users\/1"}],"replies":[{"embeddable":true,"href":"https:\/\/les-timbres.com\/en\/wp-json\/wp\/v2\/comments?post=747"}],"version-history":[{"count":0,"href":"https:\/\/les-timbres.com\/en\/wp-json\/wp\/v2\/pages\/747\/revisions"}],"wp:attachment":[{"href":"https:\/\/les-timbres.com\/en\/wp-json\/wp\/v2\/media?parent=747"}],"curies":[{"name":"wp","href":"https:\/\/api.w.org\/{rel}","templated":true}]}}